{"id":2,"date":"2020-05-26T17:30:08","date_gmt":"2020-05-26T17:30:08","guid":{"rendered":"https:\/\/fmv2.fr\/?page_id=2"},"modified":"2020-05-27T19:22:59","modified_gmt":"2020-05-27T19:22:59","slug":"sample-page","status":"publish","type":"page","link":"https:\/\/fmv2.fr\/","title":{"rendered":"Bienvenue chez FMV2 !"},"content":{"rendered":"\n<p>Notre entreprise est n\u00e9e de l&rsquo;association de nos comp\u00e9tences. <\/p>\n\n\n\n<p>Vincent Metzger &#8211; peintre int\u00e9rieur et ext\u00e9rieur, fa\u00e7adier et isolation ext\u00e9rieure<\/p>\n\n\n\n<p>Victor Filliau &#8211; plaquiste, isolation int\u00e9rieure et am\u00e9nagement int\u00e9rieur <\/p>\n\n\n\n<p>Ensembles, nous vous proposons une large gamme de prestations. Partez \u00e0 la d\u00e9couverte de nos albums photos pour vous faire une id\u00e9e de notre travail, et n&rsquo;h\u00e9sitez pas \u00e0 nous contacter ! Nous nous tenons \u00e0 votre disposition pour tous renseignements et demandes de devis. <\/p>\n","protected":false},"excerpt":{"rendered":"<p>Notre entreprise est n\u00e9e de l&rsquo;association de nos comp\u00e9tences. Vincent Metzger &#8211; peintre int\u00e9rieur et ext\u00e9rieur, fa\u00e7adier et isolation ext\u00e9rieure Victor Filliau &#8211; plaquiste, isolation int\u00e9rieure et am\u00e9nagement int\u00e9rieur Ensembles, nous vous proposons une large gamme de prestations. Partez \u00e0 la d\u00e9couverte de nos albums photos pour vous faire une id\u00e9e de notre travail, et &hellip; <\/p>\n<p class=\"link-more\"><a href=\"https:\/\/fmv2.fr\/\" class=\"more-link\">Continuer la lecture<span class=\"screen-reader-text\"> de &laquo;&nbsp;Bienvenue chez FMV2 !&nbsp;&raquo;<\/span><\/a><\/p>\n","protected":false},"author":1,"featured_media":0,"parent":0,"menu_order":0,"comment_status":"closed","ping_status":"closed","template":"","meta":{"footnotes":""},"_links":{"self":[{"href":"https:\/\/fmv2.fr\/index.php?rest_route=\/wp\/v2\/pages\/2"}],"collection":[{"href":"https:\/\/fmv2.fr\/index.php?rest_route=\/wp\/v2\/pages"}],"about":[{"href":"https:\/\/fmv2.fr\/index.php?rest_route=\/wp\/v2\/types\/page"}],"author":[{"embeddable":true,"href":"https:\/\/fmv2.fr\/index.php?rest_route=\/wp\/v2\/users\/1"}],"replies":[{"embeddable":true,"href":"https:\/\/fmv2.fr\/index.php?rest_route=%2Fwp%2Fv2%2Fcomments&post=2"}],"version-history":[{"count":1,"href":"https:\/\/fmv2.fr\/index.php?rest_route=\/wp\/v2\/pages\/2\/revisions"}],"predecessor-version":[{"id":78,"href":"https:\/\/fmv2.fr\/index.php?rest_route=\/wp\/v2\/pages\/2\/revisions\/78"}],"wp:attachment":[{"href":"https:\/\/fmv2.fr\/index.php?rest_route=%2Fwp%2Fv2%2Fmedia&parent=2"}],"curies":[{"name":"wp","href":"https:\/\/api.w.org\/{rel}","templated":true}]}}