{"id":24,"date":"2020-05-26T20:17:37","date_gmt":"2020-05-26T20:17:37","guid":{"rendered":"https:\/\/fmv2.fr\/?page_id=24"},"modified":"2020-05-27T19:31:31","modified_gmt":"2020-05-27T19:31:31","slug":"nos-prestations","status":"publish","type":"page","link":"https:\/\/fmv2.fr\/?page_id=24","title":{"rendered":"Nos prestations"},"content":{"rendered":"\n<p>De part nos formations et exp\u00e9riences diff\u00e9rentes, nous sommes en mesure de vous proposer une large gamme de prestations. <\/p>\n\n\n\n<p>Pour votre int\u00e9rieur, nous pouvons r\u00e9aliser :<br>            &#8211; la pose de faux plafonds<br>            &#8211; l&rsquo;isolation des murs, sols et plafonds<br>            &#8211; la pose de cloisons et de contre cloisons<br>            &#8211; la pose d&rsquo;enduit<br>            &#8211; l&rsquo;am\u00e9nagement int\u00e9rieur ainsi que l&rsquo;am\u00e9nagement de vos combles<br>            &#8211; la mise en peinture et la pose de tapisserie <\/p>\n\n\n\n<p>Pour votre ext\u00e9rieur, nos comp\u00e9tences sont orient\u00e9es vers : <br>           &#8211; la pose de cr\u00e9pis<br>           &#8211; l&rsquo;isolation de vos murs par l&rsquo;ext\u00e9rieur<br>           &#8211; la peinture <\/p>\n\n\n\n<p>Pour toutes questions ou pour vos demandes de devis, n&rsquo;h\u00e9sitez pas \u00e0 nous contacter afin de convenir d&rsquo;un rendez vous. <\/p>\n","protected":false},"excerpt":{"rendered":"<p>De part nos formations et exp\u00e9riences diff\u00e9rentes, nous sommes en mesure de vous proposer une large gamme de prestations. Pour votre int\u00e9rieur, nous pouvons r\u00e9aliser : &#8211; la pose de faux plafonds &#8211; l&rsquo;isolation des murs, sols et plafonds &#8211; la pose de cloisons et de contre cloisons &#8211; la pose d&rsquo;enduit &#8211; l&rsquo;am\u00e9nagement int\u00e9rieur &hellip; <\/p>\n<p class=\"link-more\"><a href=\"https:\/\/fmv2.fr\/?page_id=24\" class=\"more-link\">Continuer la lecture<span class=\"screen-reader-text\"> de &laquo;&nbsp;Nos prestations&nbsp;&raquo;<\/span><\/a><\/p>\n","protected":false},"author":1,"featured_media":0,"parent":0,"menu_order":0,"comment_status":"closed","ping_status":"closed","template":"","meta":{"footnotes":""},"_links":{"self":[{"href":"https:\/\/fmv2.fr\/index.php?rest_route=\/wp\/v2\/pages\/24"}],"collection":[{"href":"https:\/\/fmv2.fr\/index.php?rest_route=\/wp\/v2\/pages"}],"about":[{"href":"https:\/\/fmv2.fr\/index.php?rest_route=\/wp\/v2\/types\/page"}],"author":[{"embeddable":true,"href":"https:\/\/fmv2.fr\/index.php?rest_route=\/wp\/v2\/users\/1"}],"replies":[{"embeddable":true,"href":"https:\/\/fmv2.fr\/index.php?rest_route=%2Fwp%2Fv2%2Fcomments&post=24"}],"version-history":[{"count":4,"href":"https:\/\/fmv2.fr\/index.php?rest_route=\/wp\/v2\/pages\/24\/revisions"}],"predecessor-version":[{"id":81,"href":"https:\/\/fmv2.fr\/index.php?rest_route=\/wp\/v2\/pages\/24\/revisions\/81"}],"wp:attachment":[{"href":"https:\/\/fmv2.fr\/index.php?rest_route=%2Fwp%2Fv2%2Fmedia&parent=24"}],"curies":[{"name":"wp","href":"https:\/\/api.w.org\/{rel}","templated":true}]}}